{"id":2719,"date":"2020-10-20T17:36:33","date_gmt":"2020-10-20T15:36:33","guid":{"rendered":"https:\/\/lidex.it\/ochrana-osobnich-udaju\/"},"modified":"2023-10-30T11:20:54","modified_gmt":"2023-10-30T10:20:54","slug":"verarbeitung-personenbezogener-daten","status":"publish","type":"page","link":"https:\/\/lidex.it\/de\/verarbeitung-personenbezogener-daten\/","title":{"rendered":"Verarbeitung personenbezogener Daten"},"content":{"rendered":"<p><strong>1.<\/strong> Die Gesellschaft\u00a0<strong>LIDEX,\u00a0s. r. o.<\/strong>, mit Sitz in \u0158ipsk\u00e1 1095\/1, 101 00 Praha 10, eingetragen beim Stadtgericht in Prag, Aktenzeichen C 302494, verarbeitet im Fall einer Antwort auf Ihre Anfrage, die als E-Mail eingereicht wurde, im Sinne der Verordnung (EU) 2016\/679 des Europ\u00e4ischen Parlaments und des Rates vom 27. April 2016 zum Schutz nat\u00fcrlicher Personen bei der Verarbeitung personenbezogener Daten, zum freien Datenverkehr und zur Aufhebung der Richtlinie 95\/46\/EG, Datenschutz-Grundverordnung \u2013 DSGVO (vorher und nachfolgend nur \u201eVerordnung\u201c), die folgenden personenbezogenen Daten:<\/p>\n<ul>\n<li>Vor- und Nachname,<\/li>\n<li>Telefonnummer,<\/li>\n<li>E-Mail.<\/li>\n<\/ul>\n<p><strong>2.<\/strong> Vorname, Nachname, Telefonnummer und E-Mail-Adresse m\u00fcssen verarbeitet werden, um Ihnen Ihre Anfrage beantworten zu k\u00f6nnen. Diese personenbezogenen Daten werden von der Gesellschaft LIDEX, s. r. o. f\u00fcr die Dauer von 6 Monaten verarbeitet.<\/p>\n<p><strong>3.<\/strong> Die Verarbeitung der personenbezogenen Daten nimmt die Gesellschaft LIDEX, s. r. o., also der Verwalter der personenbezogenen Daten, vor, die personenbezogenen Daten k\u00f6nnen jedoch f\u00fcr diese Gesellschaft auch diese Verarbeiter verarbeiten:<br \/>\n<u><\/u><\/p>\n<ul>\n<li><strong>LIDEX personal, s. r. o., i\u010d: <span class=\"nowrap\">05744024<\/span><\/strong><\/li>\n<li><strong>LIDEX BUILDING, s. r. o., i\u010d: <span class=\"nowrap\">08967768<\/span><\/strong><\/li>\n<\/ul>\n<p><strong>4.<\/strong> Beachten Sie bitte, dass Sie dem Datenschutzgesetz nach das Recht haben:<\/p>\n<ul>\n<li>eine Best\u00e4tigung dar\u00fcber zu erhalten, ob wir Ihre personenbezogenen Daten verarbeiten, und welche Daten wir verarbeiten,<\/li>\n<li>von uns eine Erkl\u00e4rung bez\u00fcglich der Verarbeitung der personenbezogene Daten zu verlangen,<\/li>\n<li>bei uns den Zugang zu diesen Daten zu verlangen und ihre Aktualisierung oder Korrektur zu verlangen,<\/li>\n<li>Ihre Daten l\u00f6schen zu lassen \u2013 diese L\u00f6schung hat jedoch zu Folge, dass die gemeinsamen Verhandlungen beendet werden,<\/li>\n<li>bei Zweifeln, ob die Verarbeitung Ihrer personenbezogenen Daten im Einklang mit den Datenschutzgesetzen erfolgt, sich an uns zu wenden oder sich bei der Datenschutzbeh\u00f6rde zu beschweren.<\/li>\n<\/ul>\n","protected":false},"excerpt":{"rendered":"1. Die Gesellschaft\u00a0LIDEX,\u00a0s. r. o., mit Sitz in \u0158ipsk\u00e1 1095\/1, 101 00 Praha 10, eingetragen beim Stadtgericht in Prag, Aktenzeichen C 302494, verarbeitet im Fall einer Antwort auf Ihre Anfrage, die als E-Mail eingereicht wurde, im Sinne der Verordnung (EU) 2016\/679 des Europ\u00e4ischen Parlaments und des Rates vom 27. April 2016 zum Schutz nat\u00fcrlicher Personen&#8230; <a class=\"view-article\" href=\"https:\/\/lidex.it\/de\/verarbeitung-personenbezogener-daten\/\">View Article<\/a>","protected":false},"author":2,"featured_media":0,"parent":0,"menu_order":49,"comment_status":"closed","ping_status":"closed","template":"","meta":{"_acf_changed":false,"inline_featured_image":false,"footnotes":""},"class_list":["post-2719","page","type-page","status-publish","hentry"],"acf":[],"_links":{"self":[{"href":"https:\/\/lidex.it\/de\/wp-json\/wp\/v2\/pages\/2719","targetHints":{"allow":["GET"]}}],"collection":[{"href":"https:\/\/lidex.it\/de\/wp-json\/wp\/v2\/pages"}],"about":[{"href":"https:\/\/lidex.it\/de\/wp-json\/wp\/v2\/types\/page"}],"author":[{"embeddable":true,"href":"https:\/\/lidex.it\/de\/wp-json\/wp\/v2\/users\/2"}],"replies":[{"embeddable":true,"href":"https:\/\/lidex.it\/de\/wp-json\/wp\/v2\/comments?post=2719"}],"version-history":[{"count":8,"href":"https:\/\/lidex.it\/de\/wp-json\/wp\/v2\/pages\/2719\/revisions"}],"predecessor-version":[{"id":2784,"href":"https:\/\/lidex.it\/de\/wp-json\/wp\/v2\/pages\/2719\/revisions\/2784"}],"wp:attachment":[{"href":"https:\/\/lidex.it\/de\/wp-json\/wp\/v2\/media?parent=2719"}],"curies":[{"name":"wp","href":"https:\/\/api.w.org\/{rel}","templated":true}]}}