{"id":2714,"date":"2023-03-19T11:04:51","date_gmt":"2023-03-19T10:04:51","guid":{"rendered":"https:\/\/lidex.it\/nasi-it-specialiste\/"},"modified":"2023-10-30T11:41:30","modified_gmt":"2023-10-30T10:41:30","slug":"unsere-it-spezialisten","status":"publish","type":"page","link":"https:\/\/lidex.it\/de\/unsere-it-spezialisten\/","title":{"rendered":"Unsere IT-Spezialisten"},"content":{"rendered":"<h2><span style=\"font-weight: 400;\">Wir stellen Ihnen IT-Spezialisten zur Verf\u00fcgung<\/span><\/h2>\n<ul>\n<li style=\"font-weight: 400;\" aria-level=\"1\"><span style=\"font-weight: 400;\">F\u00fcr verschiedene Programmiersprachen (C++, Java, Python, PHP u.\u00e4.)<\/span><\/li>\n<li style=\"font-weight: 400;\" aria-level=\"1\"><span style=\"font-weight: 400;\">Unterschiedliche Fachniveaus (Software Developer, Data Scientist, Computer Systems Analyst, Web Developer, Database Administrator, Computer Network Architect, Blockchain Engineer, QA Tester u.\u00e4.)<\/span><\/li>\n<\/ul>\n<blockquote><p><strong>Auf Anfrage senden wir Ihnen unverbindlich die Lebensl\u00e4ufe unserer IT-Mitarbeiter zu<\/strong><\/p><\/blockquote>\n<a class=\"btn btn-primary\" href=\"\/de\/kontakte\/\" target=\"\"><span class=\"skew-fix\">Schreiben Sie uns<\/span><\/a>\n<h2><span style=\"font-weight: 400;\">Wir werden f\u00fcr Sie neue Ressourcen der IT-Mitarbeiter erschlie\u00dfen<\/span><\/h2>\n<ul>\n<li style=\"font-weight: 400;\" aria-level=\"1\"><span style=\"font-weight: 400;\">Wir pflegen unser eigenes Kontaktnetz in Osteuropa und Asien<\/span><\/li>\n<li style=\"font-weight: 400;\" aria-level=\"1\"><span style=\"font-weight: 400;\">Die Anwerbung erfolgt nicht \u00fcber lokale Stellenanzeigen, soziale Medien oder bei Arbeits\u00e4mtern<\/span><\/li>\n<\/ul>\n<hr \/>\n<h2><span style=\"font-weight: 400;\">Wir legen Wert auf die Spitzenbetreuung der Mitarbeiter<\/span><\/h2>\n<ul>\n<li style=\"font-weight: 400;\" aria-level=\"1\">Wir besch\u00e4ftigen unsere Mitarbeiter langfristig<\/li>\n<li>Wir bieten Mitarbeitern umfassende Personal- und Rechtsdienstleistungen<\/li>\n<li>Wir bieten ein hochwertiges Arbeitsumfeld in ihrem Wohnort<\/li>\n<li style=\"font-weight: 400;\" aria-level=\"1\"><span style=\"font-weight: 400;\">Falls erforderlich, sind wir in der Lage, die Umsiedlung des Mitarbeiters in die Tschechische Republik zu erm\u00f6glichen<\/span><\/li>\n<\/ul>\n<hr \/>\n<h2><span style=\"font-weight: 400;\">Wir denken an die Motivation der IT-Mitarbeiter<\/span><\/h2>\n<p><strong>Den Mitarbeitern bieten wir folgendes an<\/strong><\/p>\n<ul>\n<li style=\"font-weight: 400;\" aria-level=\"2\">Interessante Projekte<\/li>\n<li>Finanzielles Anreizprogramm<\/li>\n<li>Zusch\u00fcsse f\u00fcr Schulungen<\/li>\n<li>Arbeiten aus der Ferne oder von zu Hause aus<\/li>\n<li style=\"font-weight: 400;\" aria-level=\"2\">Berufliche Weiterentwicklung in einem attraktiven Fachbereich<\/li>\n<\/ul>\n<hr \/>\n<h2><span style=\"font-weight: 400;\">Wir sorgen f\u00fcr eine reibungslose Zusammenarbeit<\/span><\/h2>\n<ul>\n<li>Gemeinsam werden wir die f\u00fcr Ihr Projekt geeigneten IT-Mitarbeiter ausw\u00e4hlen<\/li>\n<li>Sie k\u00f6nnen die Arbeiter im Voraus testen<\/li>\n<li>Bei der Arbeit an Ihrem Projekt stehen die IT-Mitarbeiter unter st\u00e4ndiger Kontrolle eines Supervisors<\/li>\n<li style=\"font-weight: 400;\" aria-level=\"1\">Bei Unzufriedenheit mit einem bestimmten Mitarbeiter finden wir einen geeigneten Ersatz f\u00fcr ihn<\/li>\n<\/ul>\n<hr \/>\n<h2><span style=\"font-weight: 400;\">M\u00f6chten Sie mehr \u00fcber uns und unsere Dienstleistungen erfahren?<\/span><\/h2>\n<a class=\"btn btn-primary\" href=\"\/de\/kontakte\/\" target=\"\"><span class=\"skew-fix\">Schreiben Sie uns<\/span><\/a>\n","protected":false},"excerpt":{"rendered":"Wir stellen Ihnen IT-Spezialisten zur Verf\u00fcgung F\u00fcr verschiedene Programmiersprachen (C++, Java, Python, PHP u.\u00e4.) Unterschiedliche Fachniveaus (Software Developer, Data Scientist, Computer Systems Analyst, Web Developer, Database Administrator, Computer Network Architect, Blockchain Engineer, QA Tester u.\u00e4.) Auf Anfrage senden wir Ihnen unverbindlich die Lebensl\u00e4ufe unserer IT-Mitarbeiter zu Wir werden f\u00fcr Sie neue Ressourcen der IT-Mitarbeiter erschlie\u00dfen&#8230; <a class=\"view-article\" href=\"https:\/\/lidex.it\/de\/unsere-it-spezialisten\/\">View Article<\/a>","protected":false},"author":5,"featured_media":0,"parent":0,"menu_order":35,"comment_status":"closed","ping_status":"closed","template":"","meta":{"_acf_changed":false,"inline_featured_image":false,"footnotes":""},"class_list":["post-2714","page","type-page","status-publish","hentry"],"acf":[],"_links":{"self":[{"href":"https:\/\/lidex.it\/de\/wp-json\/wp\/v2\/pages\/2714","targetHints":{"allow":["GET"]}}],"collection":[{"href":"https:\/\/lidex.it\/de\/wp-json\/wp\/v2\/pages"}],"about":[{"href":"https:\/\/lidex.it\/de\/wp-json\/wp\/v2\/types\/page"}],"author":[{"embeddable":true,"href":"https:\/\/lidex.it\/de\/wp-json\/wp\/v2\/users\/5"}],"replies":[{"embeddable":true,"href":"https:\/\/lidex.it\/de\/wp-json\/wp\/v2\/comments?post=2714"}],"version-history":[{"count":11,"href":"https:\/\/lidex.it\/de\/wp-json\/wp\/v2\/pages\/2714\/revisions"}],"predecessor-version":[{"id":2972,"href":"https:\/\/lidex.it\/de\/wp-json\/wp\/v2\/pages\/2714\/revisions\/2972"}],"wp:attachment":[{"href":"https:\/\/lidex.it\/de\/wp-json\/wp\/v2\/media?parent=2714"}],"curies":[{"name":"wp","href":"https:\/\/api.w.org\/{rel}","templated":true}]}}