{"id":2699,"date":"2023-03-19T10:58:16","date_gmt":"2023-03-19T09:58:16","guid":{"rendered":"https:\/\/lidex.it\/o-nas\/"},"modified":"2023-10-30T11:18:34","modified_gmt":"2023-10-30T10:18:34","slug":"ueber-uns","status":"publish","type":"page","link":"https:\/\/lidex.it\/de\/ueber-uns\/","title":{"rendered":"\u00dcber uns"},"content":{"rendered":"<blockquote><p>Wir haben f\u00fcr Sie L\u00f6sungen gegen den Mangel an IT-Spezialisten<\/p><\/blockquote>\n<h2><span style=\"font-weight: 400;\">Was m\u00fcssen Sie \u00fcber uns wissen?<\/span><\/h2>\n<ul>\n<li style=\"font-weight: 400;\" aria-level=\"1\"><b>Wir sind ein tschechisches lizenziertes Unternehmen<\/b><span style=\"font-weight: 400;\"> mit tschechischem Management<\/span><\/li>\n<li style=\"font-weight: 400;\" aria-level=\"1\"><span style=\"font-weight: 400;\">Wir haben <\/span><b>langj\u00e4hrige Erfahrungen <\/b><span style=\"font-weight: 400;\">in der Besch\u00e4ftigung von ausl\u00e4ndischen Arbeitnehmern<\/span><\/li>\n<li style=\"font-weight: 400;\" aria-level=\"1\"><span style=\"font-weight: 400;\">F\u00fcr tschechische Unternehmen haben wir bereits <b>Hunderte von qualifizierten Mitarbeitern <\/b>zur Verf\u00fcgung gestellt<\/span><\/li>\n<li style=\"font-weight: 400;\" aria-level=\"1\"><span style=\"font-weight: 400;\">Wir bieten <\/span><b>umfassende Dienstleistungen<\/b><span style=\"font-weight: 400;\"> im Bereich Personalmanagement<\/span><\/li>\n<li style=\"font-weight: 400;\" aria-level=\"1\"><span style=\"font-weight: 400;\">Wir legen Wert auf die <\/span><b>Spitzenbetreuung der Kunden sowie der Mitarbeiter<\/b><\/li>\n<li style=\"font-weight: 400;\" aria-level=\"1\"><b>Wir sind die Wegbereiter<\/b>\u00a0<span style=\"font-weight: 400;\">\u2013<\/span><span style=\"font-weight: 400;\"> wir erschlie\u00dfen neue Quellen der ausl\u00e4ndischen Arbeitnehmer\u00a0<\/span><\/li>\n<li style=\"font-weight: 400;\" aria-level=\"1\"><b>Wir sind innovativ<\/b> \u2013 wir bringen neue, flexible Besch\u00e4ftigungsarten<\/li>\n<\/ul>\n<div class=\"shortcode check_group\">\n<div class=\"check\"><div class=\"icon\"><svg xmlns=\"http:\/\/www.w3.org\/2000\/svg\" width=\"22\" height=\"23\" fill=\"none\"><path fill=\"#189AD4\" d=\"m6.49 9.41-1.54 1.54L9.9 15.9l11-11-1.54-1.54-9.46 9.46-3.41-3.41ZM19.8 11.5c0 4.84-3.96 8.8-8.8 8.8-4.84 0-8.8-3.96-8.8-8.8 0-4.84 3.96-8.8 8.8-8.8.88 0 1.65.11 2.42.33l1.76-1.76C13.86.83 12.43.5 11 .5 4.95.5 0 5.45 0 11.5s4.95 11 11 11 11-4.95 11-11h-2.2Z\"\/><\/svg><\/div><span>\u010cesk\u00fdm spole\u010dnostem dod\u00e1v\u00e1me v\u00edce ne\u017e 400 pracovn\u00edk\u016f<\/span><\/div>\n<\/div>\n<hr \/>\n<h2><span style=\"font-weight: 400;\">Was unterscheidet uns von der Konkurrenz?<\/span><\/h2>\n<ul>\n<li style=\"font-weight: 400;\" aria-level=\"1\"><span style=\"font-weight: 400;\">Wir stellen <strong>unsere eigenen Personalressourcen<\/strong> zur Verf\u00fcgung und sind nicht auf die g\u00e4ngigen Anwerbungsmethoden wie Arbeits\u00e4mter, soziale Netzwerke oder lokale Werbung angewiesen<\/span><\/li>\n<li style=\"font-weight: 400;\" aria-level=\"1\"><span style=\"font-weight: 400;\">Wir sind in der Lage, Ihnen ein<strong>\u00a0breites Mitarbeiterportfolio<\/strong> anzubieten, da wir uns bei der Anwerbung nicht nur auf den tschechischen Arbeitsmarkt beschr\u00e4nken<\/span><\/li>\n<li style=\"font-weight: 400;\" aria-level=\"1\"><span style=\"font-weight: 400;\">Die fachkundigen Mitarbeiter rekrutieren wir insbesondere in <strong>Osteuropa und Asien<\/strong><\/span><\/li>\n<li style=\"font-weight: 400;\" aria-level=\"1\"><span style=\"font-weight: 400;\">Wir bieten jedem Kunden eine <strong>pers\u00f6nliche Herangehensweise<\/strong><\/span><\/li>\n<li style=\"font-weight: 400;\" aria-level=\"1\"><span style=\"font-weight: 400;\">Sv\u00fdm zahrani\u010dn\u00edm zam\u011bstnanc\u016fm poskytuj<\/span><\/li>\n<\/ul>\n<div class=\"shortcode check_group\">\n<div class=\"check\"><div class=\"icon\"><svg xmlns=\"http:\/\/www.w3.org\/2000\/svg\" width=\"22\" height=\"23\" fill=\"none\"><path fill=\"#189AD4\" d=\"m6.49 9.41-1.54 1.54L9.9 15.9l11-11-1.54-1.54-9.46 9.46-3.41-3.41ZM19.8 11.5c0 4.84-3.96 8.8-8.8 8.8-4.84 0-8.8-3.96-8.8-8.8 0-4.84 3.96-8.8 8.8-8.8.88 0 1.65.11 2.42.33l1.76-1.76C13.86.83 12.43.5 11 .5 4.95.5 0 5.45 0 11.5s4.95 11 11 11 11-4.95 11-11h-2.2Z\"\/><\/svg><\/div><span>Jsme specialist\u00e9 na zaji\u0161\u0165ov\u00e1n\u00ed zahrani\u010dn\u00edch pracovn\u00edk\u016f do \u010desk\u00fdch firem<\/span><\/div>\n<\/div>\n<hr \/>\n<h2><span style=\"font-weight: 400;\">Wie rekrutieren wir die Mitarbeiter?<\/span><\/h2>\n<ul>\n<li style=\"font-weight: 400;\" aria-level=\"1\"><span style=\"font-weight: 400;\">Wir schaffen und pflegen aktiv ein <strong>Netzwerk unserer eigenen Personalressourcen<\/strong> in den ausl\u00e4ndischen beruflichen Gemeinschaften<\/span><\/li>\n<li style=\"font-weight: 400;\" aria-level=\"1\"><span style=\"font-weight: 400;\">F\u00fcr jeden Bereich <strong>besch\u00e4ftigen wir unseren eigenen Anwerber<\/strong>, der sich in der lokalen HR-, kulturpolitischen und sozialen Situation <\/span><span style=\"font-weight: 400;\">orientiert<\/span><\/li>\n<li style=\"font-weight: 400;\" aria-level=\"1\"><span style=\"font-weight: 400;\">Unsere Anwerber stammen <strong>direkt aus den Gemeinschaften<\/strong>, in denen wir nach zuk\u00fcnftigen Mitarbeitern suchen<\/span><span style=\"font-weight: 400;\">\u00a0<\/span><\/li>\n<li style=\"font-weight: 400;\" aria-level=\"1\"><span style=\"font-weight: 400;\">Die Art und Weise, wie wir unsere Mitarbeiter anwerben, hat eine <strong>pers\u00f6nliche Note<\/strong>, wir w\u00e4hlen unsere Mitarbeiter sorgf\u00e4ltig aus und betreuen sie sehr gut<\/span><\/li>\n<\/ul>\n<hr \/>\n<h2><span style=\"font-weight: 400;\">M\u00f6chten Sie mehr \u00fcber uns und unsere Dienstleistungen erfahren?<\/span><\/h2>\n<a class=\"btn btn-primary\" href=\"\/kontakt\" target=\"\"><span class=\"skew-fix\">Napi\u0161te n\u00e1m<\/span><\/a>\n","protected":false},"excerpt":{"rendered":"Wir haben f\u00fcr Sie L\u00f6sungen gegen den Mangel an IT-Spezialisten Was m\u00fcssen Sie \u00fcber uns wissen? Wir sind ein tschechisches lizenziertes Unternehmen mit tschechischem Management Wir haben langj\u00e4hrige Erfahrungen in der Besch\u00e4ftigung von ausl\u00e4ndischen Arbeitnehmern F\u00fcr tschechische Unternehmen haben wir bereits Hunderte von qualifizierten Mitarbeitern zur Verf\u00fcgung gestellt Wir bieten umfassende Dienstleistungen im Bereich Personalmanagement&#8230; <a class=\"view-article\" href=\"https:\/\/lidex.it\/de\/ueber-uns\/\">View Article<\/a>","protected":false},"author":5,"featured_media":0,"parent":0,"menu_order":6,"comment_status":"closed","ping_status":"closed","template":"","meta":{"_acf_changed":false,"inline_featured_image":false,"footnotes":""},"class_list":["post-2699","page","type-page","status-publish","hentry"],"acf":[],"_links":{"self":[{"href":"https:\/\/lidex.it\/de\/wp-json\/wp\/v2\/pages\/2699","targetHints":{"allow":["GET"]}}],"collection":[{"href":"https:\/\/lidex.it\/de\/wp-json\/wp\/v2\/pages"}],"about":[{"href":"https:\/\/lidex.it\/de\/wp-json\/wp\/v2\/types\/page"}],"author":[{"embeddable":true,"href":"https:\/\/lidex.it\/de\/wp-json\/wp\/v2\/users\/5"}],"replies":[{"embeddable":true,"href":"https:\/\/lidex.it\/de\/wp-json\/wp\/v2\/comments?post=2699"}],"version-history":[{"count":14,"href":"https:\/\/lidex.it\/de\/wp-json\/wp\/v2\/pages\/2699\/revisions"}],"predecessor-version":[{"id":2903,"href":"https:\/\/lidex.it\/de\/wp-json\/wp\/v2\/pages\/2699\/revisions\/2903"}],"wp:attachment":[{"href":"https:\/\/lidex.it\/de\/wp-json\/wp\/v2\/media?parent=2699"}],"curies":[{"name":"wp","href":"https:\/\/api.w.org\/{rel}","templated":true}]}}