{"id":702,"date":"2020-10-20T17:36:33","date_gmt":"2020-10-20T15:36:33","guid":{"rendered":"http:\/\/lidex.it\/?page_id=702"},"modified":"2022-06-16T16:25:26","modified_gmt":"2022-06-16T14:25:26","slug":"ochrana-osobnich-udaju","status":"publish","type":"page","link":"https:\/\/lidex.it\/cs\/ochrana-osobnich-udaju\/","title":{"rendered":"Zpracov\u00e1n\u00ed osobn\u00edch \u00fadaj\u016f"},"content":{"rendered":"<p><strong>1.<\/strong> Spole\u010dnost <strong>LIDEX,\u00a0s. r. o.<\/strong>, se s\u00eddlem \u0158ipsk\u00e1 1095\/1, 101 00 Praha 10, zapsan\u00e1 u M\u011bstsk\u00e9ho soudu v Praze, spisov\u00e1 zna\u010dka C 302494,\u00a0zpracov\u00e1v\u00e1 v p\u0159\u00edpad\u011b odpov\u011bdi na dotaz podan\u00fd formou e-mailu ve smyslu na\u0159\u00edzen\u00ed Evropsk\u00e9ho parlamentu a Rady (EU) \u010d. 2016\/679 o ochran\u011b fyzick\u00fdch osob v souvislosti se zpracov\u00e1n\u00edm osobn\u00edch \u00fadaj\u016f a o voln\u00e9m pohybu t\u011bchto \u00fadaj\u016f a o zru\u0161en\u00ed sm\u011brnice 95\/46\/ES (obecn\u00e9 na\u0159\u00edzen\u00ed o ochran\u011b osobn\u00edch \u00fadaj\u016f) (d\u0159\u00edve i d\u00e1le jen \u201eNa\u0159\u00edzen\u00ed\u201c), n\u00e1sleduj\u00edc\u00ed osobn\u00ed \u00fadaje:<\/p>\n<ul>\n<li>jm\u00e9no a p\u0159\u00edjmen\u00ed,<\/li>\n<li>telefon,<\/li>\n<li>e-mail.<\/li>\n<\/ul>\n<p><strong>2.<\/strong> Jm\u00e9no, p\u0159\u00edjmen\u00ed, telefon a e-mail je nutn\u00e9 zpracovat pro odpov\u011b\u010f na V\u00e1\u0161 dotaz. Tyto osobn\u00ed \u00fadaje budou spole\u010dnost\u00ed LIDEX, s. r. o., zpracov\u00e1v\u00e1ny po dobu 6 m\u011bs\u00edc\u016f.<\/p>\n<p><strong>3.<\/strong> Zpracov\u00e1n\u00ed osobn\u00edch \u00fadaj\u016f je prov\u00e1d\u011bno spole\u010dnost\u00ed LIDEX, s. r. o.,\u00a0tedy spr\u00e1vcem osobn\u00edch \u00fadaj\u016f, osobn\u00ed \u00fadaje v\u0161ak pro tuto spole\u010dnost mohou zpracov\u00e1vat i tito zpracovatel\u00e9:<br \/>\n<u><\/u><\/p>\n<ul>\n<li><strong>LIDEX personal, s. r. o., i\u010d: <span class=\"nowrap\">05744024<\/span><\/strong><\/li>\n<li><strong>LIDEX BUILDING, s. r. o., i\u010d: <span class=\"nowrap\">08967768<\/span><\/strong><\/li>\n<\/ul>\n<p><strong>4.<\/strong> Vezm\u011bte, pros\u00edme, na v\u011bdom\u00ed, \u017ee podle z\u00e1kona o ochran\u011b osobn\u00edch \u00fadaj\u016f m\u00e1te pr\u00e1vo:<\/p>\n<ul>\n<li>po\u017eadovat po n\u00e1s informaci, jak\u00e9 Va\u0161e osobn\u00ed \u00fadaje zpracov\u00e1v\u00e1me,<\/li>\n<li>po\u017eadovat po n\u00e1s vysv\u011btlen\u00ed ohledn\u011b zpracov\u00e1n\u00ed osobn\u00edch \u00fadaj\u016f,<\/li>\n<li>vy\u017e\u00e1dat si u n\u00e1s p\u0159\u00edstup k t\u011bmto \u00fadaj\u016fm a tyto nechat aktualizovat nebo opravit,<\/li>\n<li>po\u017eadovat po n\u00e1s v\u00fdmaz t\u011bchto osobn\u00edch \u00fadaj\u016f \u2013 tento v\u00fdmaz v\u0161ak bude m\u00edt za n\u00e1sledek ukon\u010den\u00ed spole\u010dn\u00e9ho jedn\u00e1n\u00ed,<\/li>\n<li>v p\u0159\u00edpad\u011b pochybnost\u00ed o dodr\u017eov\u00e1n\u00ed povinnost\u00ed souvisej\u00edc\u00edch se zpracov\u00e1n\u00edm osobn\u00edch \u00fadaj\u016f obr\u00e1tit se na n\u00e1s nebo na \u00da\u0159ad pro ochranu osobn\u00edch \u00fadaj\u016f.<\/li>\n<\/ul>\n","protected":false},"excerpt":{"rendered":"1. Spole\u010dnost LIDEX,\u00a0s. r. o., se s\u00eddlem \u0158ipsk\u00e1 1095\/1, 101 00 Praha 10, zapsan\u00e1 u M\u011bstsk\u00e9ho soudu v Praze, spisov\u00e1 zna\u010dka C 302494,\u00a0zpracov\u00e1v\u00e1 v p\u0159\u00edpad\u011b odpov\u011bdi na dotaz podan\u00fd formou e-mailu ve smyslu na\u0159\u00edzen\u00ed Evropsk\u00e9ho parlamentu a Rady (EU) \u010d. 2016\/679 o ochran\u011b fyzick\u00fdch osob v souvislosti se zpracov\u00e1n\u00edm osobn\u00edch \u00fadaj\u016f a o voln\u00e9m pohybu&#8230; <a class=\"view-article\" href=\"https:\/\/lidex.it\/cs\/ochrana-osobnich-udaju\/\">View Article<\/a>","protected":false},"author":2,"featured_media":0,"parent":0,"menu_order":49,"comment_status":"closed","ping_status":"closed","template":"","meta":{"_acf_changed":false,"inline_featured_image":false,"footnotes":""},"class_list":["post-702","page","type-page","status-publish","hentry"],"acf":[],"_links":{"self":[{"href":"https:\/\/lidex.it\/cs\/wp-json\/wp\/v2\/pages\/702","targetHints":{"allow":["GET"]}}],"collection":[{"href":"https:\/\/lidex.it\/cs\/wp-json\/wp\/v2\/pages"}],"about":[{"href":"https:\/\/lidex.it\/cs\/wp-json\/wp\/v2\/types\/page"}],"author":[{"embeddable":true,"href":"https:\/\/lidex.it\/cs\/wp-json\/wp\/v2\/users\/2"}],"replies":[{"embeddable":true,"href":"https:\/\/lidex.it\/cs\/wp-json\/wp\/v2\/comments?post=702"}],"version-history":[{"count":1,"href":"https:\/\/lidex.it\/cs\/wp-json\/wp\/v2\/pages\/702\/revisions"}],"predecessor-version":[{"id":2081,"href":"https:\/\/lidex.it\/cs\/wp-json\/wp\/v2\/pages\/702\/revisions\/2081"}],"wp:attachment":[{"href":"https:\/\/lidex.it\/cs\/wp-json\/wp\/v2\/media?parent=702"}],"curies":[{"name":"wp","href":"https:\/\/api.w.org\/{rel}","templated":true}]}}