{"id":2274,"date":"2023-03-19T11:53:00","date_gmt":"2023-03-19T10:53:00","guid":{"rendered":"http:\/\/lidex.it\/?page_id=2274"},"modified":"2023-04-25T22:21:06","modified_gmt":"2023-04-25T20:21:06","slug":"zajistime-vam-nabor-kmenovych-zamestnancu","status":"publish","type":"page","link":"https:\/\/lidex.it\/cs\/forma-spoluprace\/zajistime-vam-nabor-kmenovych-zamestnancu\/","title":{"rendered":"Zajist\u00edme V\u00e1m n\u00e1bor kmenov\u00fdch zam\u011bstnanc\u016f"},"content":{"rendered":"","protected":false},"excerpt":{"rendered":"","protected":false},"author":5,"featured_media":0,"parent":2238,"menu_order":15,"comment_status":"closed","ping_status":"closed","template":"page-flexi-sablona.php","meta":{"_acf_changed":false,"inline_featured_image":false,"footnotes":""},"class_list":["post-2274","page","type-page","status-publish","hentry"],"acf":[],"_links":{"self":[{"href":"https:\/\/lidex.it\/cs\/wp-json\/wp\/v2\/pages\/2274","targetHints":{"allow":["GET"]}}],"collection":[{"href":"https:\/\/lidex.it\/cs\/wp-json\/wp\/v2\/pages"}],"about":[{"href":"https:\/\/lidex.it\/cs\/wp-json\/wp\/v2\/types\/page"}],"author":[{"embeddable":true,"href":"https:\/\/lidex.it\/cs\/wp-json\/wp\/v2\/users\/5"}],"replies":[{"embeddable":true,"href":"https:\/\/lidex.it\/cs\/wp-json\/wp\/v2\/comments?post=2274"}],"version-history":[{"count":8,"href":"https:\/\/lidex.it\/cs\/wp-json\/wp\/v2\/pages\/2274\/revisions"}],"predecessor-version":[{"id":2457,"href":"https:\/\/lidex.it\/cs\/wp-json\/wp\/v2\/pages\/2274\/revisions\/2457"}],"up":[{"embeddable":true,"href":"https:\/\/lidex.it\/cs\/wp-json\/wp\/v2\/pages\/2238"}],"wp:attachment":[{"href":"https:\/\/lidex.it\/cs\/wp-json\/wp\/v2\/media?parent=2274"}],"curies":[{"name":"wp","href":"https:\/\/api.w.org\/{rel}","templated":true}]}}