{"id":2269,"date":"2023-03-19T11:44:55","date_gmt":"2023-03-19T10:44:55","guid":{"rendered":"http:\/\/lidex.it\/?page_id=2269"},"modified":"2023-04-25T22:20:49","modified_gmt":"2023-04-25T20:20:49","slug":"pronajmeme-vam-programatory-a-dalsi-it-specialisty","status":"publish","type":"page","link":"https:\/\/lidex.it\/cs\/forma-spoluprace\/pronajmeme-vam-programatory-a-dalsi-it-specialisty\/","title":{"rendered":"Pronajmeme V\u00e1m program\u00e1tory a dal\u0161\u00ed IT specialisty"},"content":{"rendered":"","protected":false},"excerpt":{"rendered":"","protected":false},"author":5,"featured_media":0,"parent":2238,"menu_order":10,"comment_status":"closed","ping_status":"closed","template":"page-flexi-sablona.php","meta":{"_acf_changed":false,"inline_featured_image":false,"footnotes":""},"class_list":["post-2269","page","type-page","status-publish","hentry"],"acf":[],"_links":{"self":[{"href":"https:\/\/lidex.it\/cs\/wp-json\/wp\/v2\/pages\/2269","targetHints":{"allow":["GET"]}}],"collection":[{"href":"https:\/\/lidex.it\/cs\/wp-json\/wp\/v2\/pages"}],"about":[{"href":"https:\/\/lidex.it\/cs\/wp-json\/wp\/v2\/types\/page"}],"author":[{"embeddable":true,"href":"https:\/\/lidex.it\/cs\/wp-json\/wp\/v2\/users\/5"}],"replies":[{"embeddable":true,"href":"https:\/\/lidex.it\/cs\/wp-json\/wp\/v2\/comments?post=2269"}],"version-history":[{"count":11,"href":"https:\/\/lidex.it\/cs\/wp-json\/wp\/v2\/pages\/2269\/revisions"}],"predecessor-version":[{"id":2456,"href":"https:\/\/lidex.it\/cs\/wp-json\/wp\/v2\/pages\/2269\/revisions\/2456"}],"up":[{"embeddable":true,"href":"https:\/\/lidex.it\/cs\/wp-json\/wp\/v2\/pages\/2238"}],"wp:attachment":[{"href":"https:\/\/lidex.it\/cs\/wp-json\/wp\/v2\/media?parent=2269"}],"curies":[{"name":"wp","href":"https:\/\/api.w.org\/{rel}","templated":true}]}}