{"id":2256,"date":"2023-03-19T11:08:15","date_gmt":"2023-03-19T10:08:15","guid":{"rendered":"http:\/\/lidex.it\/?page_id=2256"},"modified":"2023-04-25T22:19:15","modified_gmt":"2023-04-25T20:19:15","slug":"myty-a-fakta-kolem-pronajmu-it-pracovniku","status":"publish","type":"page","link":"https:\/\/lidex.it\/cs\/myty-a-fakta-kolem-pronajmu-it-pracovniku\/","title":{"rendered":"M\u00fdty a fakta kolem pron\u00e1jmu IT pracovn\u00edk\u016f"},"content":{"rendered":"","protected":false},"excerpt":{"rendered":"","protected":false},"author":5,"featured_media":0,"parent":0,"menu_order":42,"comment_status":"closed","ping_status":"closed","template":"page-flexi-sablona.php","meta":{"_acf_changed":false,"inline_featured_image":false,"footnotes":""},"class_list":["post-2256","page","type-page","status-publish","hentry"],"acf":[],"_links":{"self":[{"href":"https:\/\/lidex.it\/cs\/wp-json\/wp\/v2\/pages\/2256","targetHints":{"allow":["GET"]}}],"collection":[{"href":"https:\/\/lidex.it\/cs\/wp-json\/wp\/v2\/pages"}],"about":[{"href":"https:\/\/lidex.it\/cs\/wp-json\/wp\/v2\/types\/page"}],"author":[{"embeddable":true,"href":"https:\/\/lidex.it\/cs\/wp-json\/wp\/v2\/users\/5"}],"replies":[{"embeddable":true,"href":"https:\/\/lidex.it\/cs\/wp-json\/wp\/v2\/comments?post=2256"}],"version-history":[{"count":3,"href":"https:\/\/lidex.it\/cs\/wp-json\/wp\/v2\/pages\/2256\/revisions"}],"predecessor-version":[{"id":2455,"href":"https:\/\/lidex.it\/cs\/wp-json\/wp\/v2\/pages\/2256\/revisions\/2455"}],"wp:attachment":[{"href":"https:\/\/lidex.it\/cs\/wp-json\/wp\/v2\/media?parent=2256"}],"curies":[{"name":"wp","href":"https:\/\/api.w.org\/{rel}","templated":true}]}}