{"id":2252,"date":"2023-03-19T11:04:51","date_gmt":"2023-03-19T10:04:51","guid":{"rendered":"http:\/\/lidex.it\/?page_id=2252"},"modified":"2023-04-25T21:07:00","modified_gmt":"2023-04-25T19:07:00","slug":"nasi-it-specialiste","status":"publish","type":"page","link":"https:\/\/lidex.it\/cs\/nasi-it-specialiste\/","title":{"rendered":"Na\u0161\u00ed IT specialist\u00e9"},"content":{"rendered":"<h2><span style=\"font-weight: 400;\">Zajist\u00edme V\u00e1m IT specialisty<\/span><\/h2>\n<ul>\n<li style=\"font-weight: 400;\" aria-level=\"1\"><span style=\"font-weight: 400;\">na r\u016fzn\u00e9 programovac\u00ed jazyky (C++, Java, Python, PHP apod.)<\/span><\/li>\n<li style=\"font-weight: 400;\" aria-level=\"1\"><span style=\"font-weight: 400;\">r\u016fzn\u00e9 odborn\u00e9 \u00farovn\u011b (Software Developer, Data Scientist, Computer Systems Analyst, Web Developer, Database Administrator, Computer Network Architect, Blockchain Engineer, QA Tester apod.)<\/span><\/li>\n<\/ul>\n<blockquote><p><strong>Na vy\u017e\u00e1d\u00e1n\u00ed V\u00e1m nez\u00e1vazn\u011b za\u0161leme \u017eivotopisy na\u0161ich IT pracovn\u00edk\u016f<\/strong><\/p><\/blockquote>\n<a class=\"btn btn-primary\" href=\"\/kontakt\" target=\"\"><span class=\"skew-fix\">Napi\u0161te n\u00e1m<\/span><\/a>\n<h2><span style=\"font-weight: 400;\">Otev\u0159eme V\u00e1m nov\u00e9 zdroje IT pracovn\u00edk\u016f<\/span><\/h2>\n<ul>\n<li style=\"font-weight: 400;\" aria-level=\"1\"><span style=\"font-weight: 400;\">P\u011bstujeme vlastn\u00ed s\u00ed\u0165 kontakt\u016f ve v\u00fdchodn\u00ed Evrop\u011b a v Asii<\/span><\/li>\n<li style=\"font-weight: 400;\" aria-level=\"1\"><span style=\"font-weight: 400;\">Zam\u011bstnance nevyhled\u00e1v\u00e1me na soci\u00e1ln\u00edch s\u00edt\u00edch, v inzerci \u010di na \u00fa\u0159adech<\/span><\/li>\n<\/ul>\n<hr \/>\n<h2><span style=\"font-weight: 400;\">Zakl\u00e1d\u00e1me si na \u0161pi\u010dkov\u00e9 p\u00e9\u010di o zam\u011bstnance<\/span><\/h2>\n<ul>\n<li style=\"font-weight: 400;\" aria-level=\"1\"><span style=\"font-weight: 400;\">Sv\u00e9 pracovn\u00edky zam\u011bstn\u00e1v\u00e1me dlouhodob\u011b<\/span><\/li>\n<li style=\"font-weight: 400;\" aria-level=\"1\"><span style=\"font-weight: 400;\">Poskytujeme zam\u011bstnanc\u016fm komplexn\u00ed person\u00e1ln\u00ed a pr\u00e1vn\u00ed servis<\/span><\/li>\n<li style=\"font-weight: 400;\" aria-level=\"1\"><span style=\"font-weight: 400;\">Zaji\u0161\u0165ujeme kvalitn\u00ed pracovn\u00ed z\u00e1zem\u00ed v m\u00edst\u011b jejich bydli\u0161t\u011b<\/span><\/li>\n<li style=\"font-weight: 400;\" aria-level=\"1\"><span style=\"font-weight: 400;\">V p\u0159\u00edpad\u011b pot\u0159eby jsme schopni pracovn\u00edkovi umo\u017enit p\u0159es\u00eddlen\u00ed do \u010cR<\/span><\/li>\n<\/ul>\n<hr \/>\n<h2><span style=\"font-weight: 400;\">Mysl\u00edme na motivaci IT pracovn\u00edk\u016f<\/span><\/h2>\n<p><strong>Pracovn\u00edk\u016fm nab\u00edz\u00edme<\/strong><\/p>\n<ul>\n<li style=\"font-weight: 400;\" aria-level=\"2\"><span style=\"font-weight: 400;\">zaj\u00edmav\u00e9 projekty<\/span><\/li>\n<li style=\"font-weight: 400;\" aria-level=\"2\"><span style=\"font-weight: 400;\">finan\u010dn\u00ed motiva\u010dn\u00ed program<\/span><\/li>\n<li style=\"font-weight: 400;\" aria-level=\"2\"><span style=\"font-weight: 400;\">dotace na \u0161kolen\u00ed<\/span><\/li>\n<li style=\"font-weight: 400;\" aria-level=\"2\"><span style=\"font-weight: 400;\">pr\u00e1ci na d\u00e1lku \u010di z domova\u00a0<\/span><\/li>\n<li style=\"font-weight: 400;\" aria-level=\"2\"><span style=\"font-weight: 400;\">profesn\u00ed r\u016fst v atraktivn\u00edm oboru<\/span><\/li>\n<\/ul>\n<hr \/>\n<h2><span style=\"font-weight: 400;\">Postar\u00e1me se o hladkou spolupr\u00e1ci<\/span><\/h2>\n<ul>\n<li style=\"font-weight: 400;\" aria-level=\"1\"><span style=\"font-weight: 400;\">Spole\u010dn\u011b vybereme IT pracovn\u00edky vhodn\u00e9 pro V\u00e1\u0161 projekt<\/span><\/li>\n<li style=\"font-weight: 400;\" aria-level=\"1\"><span style=\"font-weight: 400;\">Pracovn\u00edky si m\u016f\u017eete p\u0159edem vyzkou\u0161et<\/span><\/li>\n<li style=\"font-weight: 400;\" aria-level=\"1\"><span style=\"font-weight: 400;\">P\u0159i pr\u00e1ci na Va\u0161em projektu budou IT zam\u011bstnanci pod neust\u00e1lou kontrolou supervizora<\/span><\/li>\n<li style=\"font-weight: 400;\" aria-level=\"1\"><span style=\"font-weight: 400;\">V p\u0159\u00edpad\u011b nespokojenosti s konkr\u00e9tn\u00edm pracovn\u00edkem V\u00e1m za n\u011bj najdeme odpov\u00eddaj\u00edc\u00ed n\u00e1hradu<\/span><\/li>\n<\/ul>\n<hr \/>\n<h2><span style=\"font-weight: 400;\">Chcete se o n\u00e1s a o na\u0161ich slu\u017eb\u00e1ch dozv\u011bd\u011bt v\u00edce?<\/span><\/h2>\n<a class=\"btn btn-primary\" href=\"\/kontakt\" target=\"\"><span class=\"skew-fix\">Napi\u0161te n\u00e1m<\/span><\/a>\n","protected":false},"excerpt":{"rendered":"Zajist\u00edme V\u00e1m IT specialisty na r\u016fzn\u00e9 programovac\u00ed jazyky (C++, Java, Python, PHP apod.) r\u016fzn\u00e9 odborn\u00e9 \u00farovn\u011b (Software Developer, Data Scientist, Computer Systems Analyst, Web Developer, Database Administrator, Computer Network Architect, Blockchain Engineer, QA Tester apod.) Na vy\u017e\u00e1d\u00e1n\u00ed V\u00e1m nez\u00e1vazn\u011b za\u0161leme \u017eivotopisy na\u0161ich IT pracovn\u00edk\u016f Otev\u0159eme V\u00e1m nov\u00e9 zdroje IT pracovn\u00edk\u016f P\u011bstujeme vlastn\u00ed s\u00ed\u0165 kontakt\u016f ve&#8230; <a class=\"view-article\" href=\"https:\/\/lidex.it\/cs\/nasi-it-specialiste\/\">View Article<\/a>","protected":false},"author":5,"featured_media":0,"parent":0,"menu_order":35,"comment_status":"closed","ping_status":"closed","template":"","meta":{"_acf_changed":false,"inline_featured_image":false,"footnotes":""},"class_list":["post-2252","page","type-page","status-publish","hentry"],"acf":[],"_links":{"self":[{"href":"https:\/\/lidex.it\/cs\/wp-json\/wp\/v2\/pages\/2252","targetHints":{"allow":["GET"]}}],"collection":[{"href":"https:\/\/lidex.it\/cs\/wp-json\/wp\/v2\/pages"}],"about":[{"href":"https:\/\/lidex.it\/cs\/wp-json\/wp\/v2\/types\/page"}],"author":[{"embeddable":true,"href":"https:\/\/lidex.it\/cs\/wp-json\/wp\/v2\/users\/5"}],"replies":[{"embeddable":true,"href":"https:\/\/lidex.it\/cs\/wp-json\/wp\/v2\/comments?post=2252"}],"version-history":[{"count":4,"href":"https:\/\/lidex.it\/cs\/wp-json\/wp\/v2\/pages\/2252\/revisions"}],"predecessor-version":[{"id":2447,"href":"https:\/\/lidex.it\/cs\/wp-json\/wp\/v2\/pages\/2252\/revisions\/2447"}],"wp:attachment":[{"href":"https:\/\/lidex.it\/cs\/wp-json\/wp\/v2\/media?parent=2252"}],"curies":[{"name":"wp","href":"https:\/\/api.w.org\/{rel}","templated":true}]}}