{"id":2248,"date":"2023-03-19T11:04:04","date_gmt":"2023-03-19T10:04:04","guid":{"rendered":"http:\/\/lidex.it\/?page_id=2248"},"modified":"2023-04-28T19:14:21","modified_gmt":"2023-04-28T17:14:21","slug":"proc-zvolit-prave-pronajem-it-pracovniku","status":"publish","type":"page","link":"https:\/\/lidex.it\/cs\/pronajem-it-pracovniku\/proc-zvolit-prave-pronajem-it-pracovniku\/","title":{"rendered":"Pro\u010d zvolit pr\u00e1v\u011b pron\u00e1jem IT pracovn\u00edk\u016f?"},"content":{"rendered":"<p><span style=\"font-weight: 400;\">Pron\u00e1jem IT pracovn\u00edk\u016f m\u00e1 oproti ostatn\u00edm metod\u00e1m n\u00e1boru mnoho v\u00fdhod a nab\u00edz\u00ed \u0159e\u0161en\u00ed n\u011bkter\u00fdch probl\u00e9m\u016f, kter\u00fdm mus\u00edte \u010delit p\u0159i zam\u011bstn\u00e1v\u00e1n\u00ed vlastn\u00edch pracovn\u00edk\u016f. <\/span><\/p>\n<div class=\"shortcode check_group\">\n<div class=\"check\"><div class=\"icon\"><svg xmlns=\"http:\/\/www.w3.org\/2000\/svg\" width=\"22\" height=\"23\" fill=\"none\"><path fill=\"#189AD4\" d=\"m6.49 9.41-1.54 1.54L9.9 15.9l11-11-1.54-1.54-9.46 9.46-3.41-3.41ZM19.8 11.5c0 4.84-3.96 8.8-8.8 8.8-4.84 0-8.8-3.96-8.8-8.8 0-4.84 3.96-8.8 8.8-8.8.88 0 1.65.11 2.42.33l1.76-1.76C13.86.83 12.43.5 11 .5 4.95.5 0 5.45 0 11.5s4.95 11 11 11 11-4.95 11-11h-2.2Z\"\/><\/svg><\/div><span>Jednodu\u0161\u0161\u00ed a rychlej\u0161\u00ed proces n\u00e1boru<\/span><\/div>\n<div class=\"check\"><div class=\"icon\"><svg xmlns=\"http:\/\/www.w3.org\/2000\/svg\" width=\"22\" height=\"23\" fill=\"none\"><path fill=\"#189AD4\" d=\"m6.49 9.41-1.54 1.54L9.9 15.9l11-11-1.54-1.54-9.46 9.46-3.41-3.41ZM19.8 11.5c0 4.84-3.96 8.8-8.8 8.8-4.84 0-8.8-3.96-8.8-8.8 0-4.84 3.96-8.8 8.8-8.8.88 0 1.65.11 2.42.33l1.76-1.76C13.86.83 12.43.5 11 .5 4.95.5 0 5.45 0 11.5s4.95 11 11 11 11-4.95 11-11h-2.2Z\"\/><\/svg><\/div><span>\u00dapln\u00e1 kontrola nad projektem<\/span><\/div>\n<div class=\"check\"><div class=\"icon\"><svg xmlns=\"http:\/\/www.w3.org\/2000\/svg\" width=\"22\" height=\"23\" fill=\"none\"><path fill=\"#189AD4\" d=\"m6.49 9.41-1.54 1.54L9.9 15.9l11-11-1.54-1.54-9.46 9.46-3.41-3.41ZM19.8 11.5c0 4.84-3.96 8.8-8.8 8.8-4.84 0-8.8-3.96-8.8-8.8 0-4.84 3.96-8.8 8.8-8.8.88 0 1.65.11 2.42.33l1.76-1.76C13.86.83 12.43.5 11 .5 4.95.5 0 5.45 0 11.5s4.95 11 11 11 11-4.95 11-11h-2.2Z\"\/><\/svg><\/div><span>Komplexn\u00ed administrativn\u00ed zaji\u0161t\u011bn\u00ed person\u00e1ln\u00edch a legislativn\u00edch proces\u016f<\/span><\/div>\n<div class=\"check\"><div class=\"icon\"><svg xmlns=\"http:\/\/www.w3.org\/2000\/svg\" width=\"22\" height=\"23\" fill=\"none\"><path fill=\"#189AD4\" d=\"m6.49 9.41-1.54 1.54L9.9 15.9l11-11-1.54-1.54-9.46 9.46-3.41-3.41ZM19.8 11.5c0 4.84-3.96 8.8-8.8 8.8-4.84 0-8.8-3.96-8.8-8.8 0-4.84 3.96-8.8 8.8-8.8.88 0 1.65.11 2.42.33l1.76-1.76C13.86.83 12.43.5 11 .5 4.95.5 0 5.45 0 11.5s4.95 11 11 11 11-4.95 11-11h-2.2Z\"\/><\/svg><\/div><span>Velk\u00e1 \u00faspora financ\u00ed a dal\u0161\u00edch zdroj\u016f<\/span><\/div>\n<\/div>\n<h2><span style=\"font-weight: 400;\">Pro\u010d pr\u00e1v\u011b LIDEX?<\/span><\/h2>\n<h3><strong>Jsme experti na n\u00e1bor<\/strong><\/h3>\n<div class=\"table-box\"><div class=\"roll-wrapper\"><div class=\"img-wrapper\"><div class=\"mobile-swipe-icon\"><div class=\"swipe-icon\"><svg xmlns=\"http:\/\/www.w3.org\/2000\/svg\" width=\"39\" height=\"53\" fill=\"none\"><path fill=\"#0B2444\" d=\"M38.86 27.803c-1.006-5.94-4.875-7-6.718-7.166-1.389-1.802-3.37-2.787-5.653-2.787-.49 0-.986.044-1.487.133-1.351-1.602-3.214-2.474-5.335-2.474a8.088 8.088 0 0 0-3.991 1.064L11.703 4.185C10.89 1.617 8.743 0 6.109 0 4.117 0 2.245.943 1.101 2.491-.012 3.986-.289 5.859.307 7.747L5.32 23.399a6.564 6.564 0 0 0-1.87 1.606c-1.023 1.28-1.64 2.975-1.824 5.035-.276 3.063.745 6.477 3.033 10.147a35.165 35.165 0 0 0 3.985 5.155l2.359 5.476c.579 1.338 1.892 2.182 3.36 2.182h15.693c1.794 0 3.31-1.243 3.606-2.99l.022-.11.66-5.45.108-.24c3.516-7.94 4.963-13.304 4.445-16.407h-.038Zm-6.94 15.856a1.25 1.25 0 0 0-.074.252l-.69 5.675c-.089.545-.567.92-1.121.92H14.363c-.457 0-.868-.242-1.051-.662l-2.466-5.7a1.013 1.013 0 0 0-.223-.33c-1.006-1.05-7.029-7.58-6.495-13.538.319-3.526 2.048-4.668 3.228-5.035.596-.188.92-.823.734-1.413L2.704 7.023c-.846-2.673 1.3-4.475 3.405-4.475 1.336 0 2.66.73 3.197 2.423l4.607 14.354a1.15 1.15 0 0 0 1.102.795c.33 0 .66-.132.89-.442.19-.25.418-.49.69-.697.606-.464 1.78-.954 3.072-.954 1.322 0 2.76.523 3.8 2.12.222.33.587.53.972.53.107 0 .211-.016.318-.044a6.3 6.3 0 0 1 1.736-.257c1.291 0 2.823.464 3.947 2.23.211.332.574.53.966.53h.155c1.351 0 4.056.588 4.821 5.115.713 4.203-3.93 14.2-4.46 15.44l-.002-.032ZM36.793 4.973H24.54l2.693-2.679c.49-.486.49-1.276 0-1.766a1.277 1.277 0 0 0-.89-.363c-.334 0-.646.11-.89.354l-4.697 4.66c-.49.485-.49 1.28 0 1.766l4.832 4.772c.49.486 1.284.486 1.774 0a1.24 1.24 0 0 0 0-1.762l-2.51-2.495h11.932c.694 0 1.255-.557 1.255-1.244 0-.684-.56-1.236-1.255-1.236l.009-.007Z\"\/><\/svg><\/div><\/div><img decoding=\"async\" src=\"http:\/\/lidex.it\/wp-content\/uploads\/2023\/04\/lidex-tabulka-jsme-experti-na-nabor.svg\" \/><\/div><\/div><\/div>\n<h3><strong>Zajist\u00edme hladk\u00fd provoz<\/strong><\/h3>\n<div class=\"table-box\"><div class=\"roll-wrapper\"><div class=\"img-wrapper\"><div class=\"mobile-swipe-icon\"><div class=\"swipe-icon\"><svg xmlns=\"http:\/\/www.w3.org\/2000\/svg\" width=\"39\" height=\"53\" fill=\"none\"><path fill=\"#0B2444\" d=\"M38.86 27.803c-1.006-5.94-4.875-7-6.718-7.166-1.389-1.802-3.37-2.787-5.653-2.787-.49 0-.986.044-1.487.133-1.351-1.602-3.214-2.474-5.335-2.474a8.088 8.088 0 0 0-3.991 1.064L11.703 4.185C10.89 1.617 8.743 0 6.109 0 4.117 0 2.245.943 1.101 2.491-.012 3.986-.289 5.859.307 7.747L5.32 23.399a6.564 6.564 0 0 0-1.87 1.606c-1.023 1.28-1.64 2.975-1.824 5.035-.276 3.063.745 6.477 3.033 10.147a35.165 35.165 0 0 0 3.985 5.155l2.359 5.476c.579 1.338 1.892 2.182 3.36 2.182h15.693c1.794 0 3.31-1.243 3.606-2.99l.022-.11.66-5.45.108-.24c3.516-7.94 4.963-13.304 4.445-16.407h-.038Zm-6.94 15.856a1.25 1.25 0 0 0-.074.252l-.69 5.675c-.089.545-.567.92-1.121.92H14.363c-.457 0-.868-.242-1.051-.662l-2.466-5.7a1.013 1.013 0 0 0-.223-.33c-1.006-1.05-7.029-7.58-6.495-13.538.319-3.526 2.048-4.668 3.228-5.035.596-.188.92-.823.734-1.413L2.704 7.023c-.846-2.673 1.3-4.475 3.405-4.475 1.336 0 2.66.73 3.197 2.423l4.607 14.354a1.15 1.15 0 0 0 1.102.795c.33 0 .66-.132.89-.442.19-.25.418-.49.69-.697.606-.464 1.78-.954 3.072-.954 1.322 0 2.76.523 3.8 2.12.222.33.587.53.972.53.107 0 .211-.016.318-.044a6.3 6.3 0 0 1 1.736-.257c1.291 0 2.823.464 3.947 2.23.211.332.574.53.966.53h.155c1.351 0 4.056.588 4.821 5.115.713 4.203-3.93 14.2-4.46 15.44l-.002-.032ZM36.793 4.973H24.54l2.693-2.679c.49-.486.49-1.276 0-1.766a1.277 1.277 0 0 0-.89-.363c-.334 0-.646.11-.89.354l-4.697 4.66c-.49.485-.49 1.28 0 1.766l4.832 4.772c.49.486 1.284.486 1.774 0a1.24 1.24 0 0 0 0-1.762l-2.51-2.495h11.932c.694 0 1.255-.557 1.255-1.244 0-.684-.56-1.236-1.255-1.236l.009-.007Z\"\/><\/svg><\/div><\/div><img decoding=\"async\" src=\"http:\/\/lidex.it\/wp-content\/uploads\/2023\/04\/lidex-tabulka-zajistime-hladky-provoz.svg\" \/><\/div><\/div><\/div>\n<h3><strong>\u0160et\u0159\u00edme Va\u0161e finance<\/strong><\/h3>\n<div class=\"table-box\"><div class=\"roll-wrapper\"><div class=\"img-wrapper\"><div class=\"mobile-swipe-icon\"><div class=\"swipe-icon\"><svg xmlns=\"http:\/\/www.w3.org\/2000\/svg\" width=\"39\" height=\"53\" fill=\"none\"><path fill=\"#0B2444\" d=\"M38.86 27.803c-1.006-5.94-4.875-7-6.718-7.166-1.389-1.802-3.37-2.787-5.653-2.787-.49 0-.986.044-1.487.133-1.351-1.602-3.214-2.474-5.335-2.474a8.088 8.088 0 0 0-3.991 1.064L11.703 4.185C10.89 1.617 8.743 0 6.109 0 4.117 0 2.245.943 1.101 2.491-.012 3.986-.289 5.859.307 7.747L5.32 23.399a6.564 6.564 0 0 0-1.87 1.606c-1.023 1.28-1.64 2.975-1.824 5.035-.276 3.063.745 6.477 3.033 10.147a35.165 35.165 0 0 0 3.985 5.155l2.359 5.476c.579 1.338 1.892 2.182 3.36 2.182h15.693c1.794 0 3.31-1.243 3.606-2.99l.022-.11.66-5.45.108-.24c3.516-7.94 4.963-13.304 4.445-16.407h-.038Zm-6.94 15.856a1.25 1.25 0 0 0-.074.252l-.69 5.675c-.089.545-.567.92-1.121.92H14.363c-.457 0-.868-.242-1.051-.662l-2.466-5.7a1.013 1.013 0 0 0-.223-.33c-1.006-1.05-7.029-7.58-6.495-13.538.319-3.526 2.048-4.668 3.228-5.035.596-.188.92-.823.734-1.413L2.704 7.023c-.846-2.673 1.3-4.475 3.405-4.475 1.336 0 2.66.73 3.197 2.423l4.607 14.354a1.15 1.15 0 0 0 1.102.795c.33 0 .66-.132.89-.442.19-.25.418-.49.69-.697.606-.464 1.78-.954 3.072-.954 1.322 0 2.76.523 3.8 2.12.222.33.587.53.972.53.107 0 .211-.016.318-.044a6.3 6.3 0 0 1 1.736-.257c1.291 0 2.823.464 3.947 2.23.211.332.574.53.966.53h.155c1.351 0 4.056.588 4.821 5.115.713 4.203-3.93 14.2-4.46 15.44l-.002-.032ZM36.793 4.973H24.54l2.693-2.679c.49-.486.49-1.276 0-1.766a1.277 1.277 0 0 0-.89-.363c-.334 0-.646.11-.89.354l-4.697 4.66c-.49.485-.49 1.28 0 1.766l4.832 4.772c.49.486 1.284.486 1.774 0a1.24 1.24 0 0 0 0-1.762l-2.51-2.495h11.932c.694 0 1.255-.557 1.255-1.244 0-.684-.56-1.236-1.255-1.236l.009-.007Z\"\/><\/svg><\/div><\/div><img decoding=\"async\" src=\"http:\/\/lidex.it\/wp-content\/uploads\/2023\/04\/lidex-tabulka-setrime-vase-finance.svg\" \/><\/div><\/div><\/div>\n<p>&nbsp;<\/p>\n<a class=\"btn btn-primary\" href=\"\/kontakt\" target=\"\"><span class=\"skew-fix\">Chci v\u011bd\u011bt v\u00edce<\/span><\/a>\n","protected":false},"excerpt":{"rendered":"Pron\u00e1jem IT pracovn\u00edk\u016f m\u00e1 oproti ostatn\u00edm metod\u00e1m n\u00e1boru mnoho v\u00fdhod a nab\u00edz\u00ed \u0159e\u0161en\u00ed n\u011bkter\u00fdch probl\u00e9m\u016f, kter\u00fdm mus\u00edte \u010delit p\u0159i zam\u011bstn\u00e1v\u00e1n\u00ed vlastn\u00edch pracovn\u00edk\u016f. Pro\u010d pr\u00e1v\u011b LIDEX? Jsme experti na n\u00e1bor Zajist\u00edme hladk\u00fd provoz \u0160et\u0159\u00edme Va\u0161e finance &nbsp;","protected":false},"author":5,"featured_media":0,"parent":2244,"menu_order":29,"comment_status":"closed","ping_status":"closed","template":"","meta":{"_acf_changed":false,"inline_featured_image":false,"footnotes":""},"class_list":["post-2248","page","type-page","status-publish","hentry"],"acf":[],"_links":{"self":[{"href":"https:\/\/lidex.it\/cs\/wp-json\/wp\/v2\/pages\/2248","targetHints":{"allow":["GET"]}}],"collection":[{"href":"https:\/\/lidex.it\/cs\/wp-json\/wp\/v2\/pages"}],"about":[{"href":"https:\/\/lidex.it\/cs\/wp-json\/wp\/v2\/types\/page"}],"author":[{"embeddable":true,"href":"https:\/\/lidex.it\/cs\/wp-json\/wp\/v2\/users\/5"}],"replies":[{"embeddable":true,"href":"https:\/\/lidex.it\/cs\/wp-json\/wp\/v2\/comments?post=2248"}],"version-history":[{"count":8,"href":"https:\/\/lidex.it\/cs\/wp-json\/wp\/v2\/pages\/2248\/revisions"}],"predecessor-version":[{"id":2575,"href":"https:\/\/lidex.it\/cs\/wp-json\/wp\/v2\/pages\/2248\/revisions\/2575"}],"up":[{"embeddable":true,"href":"https:\/\/lidex.it\/cs\/wp-json\/wp\/v2\/pages\/2244"}],"wp:attachment":[{"href":"https:\/\/lidex.it\/cs\/wp-json\/wp\/v2\/media?parent=2248"}],"curies":[{"name":"wp","href":"https:\/\/api.w.org\/{rel}","templated":true}]}}