{"id":2244,"date":"2023-03-19T11:02:00","date_gmt":"2023-03-19T10:02:00","guid":{"rendered":"http:\/\/lidex.it\/?page_id=2244"},"modified":"2023-04-28T18:59:26","modified_gmt":"2023-04-28T16:59:26","slug":"pronajem-it-pracovniku","status":"publish","type":"page","link":"https:\/\/lidex.it\/cs\/pronajem-it-pracovniku\/","title":{"rendered":"Pron\u00e1jem IT pracovn\u00edk\u016f"},"content":{"rendered":"<p><span style=\"font-weight: 400;\">Jedn\u00e1 se o extern\u00ed zp\u016fsob zam\u011bstn\u00e1v\u00e1n\u00ed pracovn\u00edk\u016f. Zam\u011bstnance si nenaj\u00edm\u00e1te p\u0159\u00edmo, ale prost\u0159ednictv\u00edm na\u0161\u00ed spole\u010dnosti. Sv\u00e9 IT specialisty si od n\u00e1s pronajmete, a to dlouhodob\u011b \u010di na konkr\u00e9tn\u00ed projekt. Na\u0161i zam\u011bstnanci pak pro V\u00e1s v\u011bt\u0161inou pracuj\u00ed online, na d\u00e1lku.<\/span><\/p>\n","protected":false},"excerpt":{"rendered":"Jedn\u00e1 se o extern\u00ed zp\u016fsob zam\u011bstn\u00e1v\u00e1n\u00ed pracovn\u00edk\u016f. Zam\u011bstnance si nenaj\u00edm\u00e1te p\u0159\u00edmo, ale prost\u0159ednictv\u00edm na\u0161\u00ed spole\u010dnosti. Sv\u00e9 IT specialisty si od n\u00e1s pronajmete, a to dlouhodob\u011b \u010di na konkr\u00e9tn\u00ed projekt. Na\u0161i zam\u011bstnanci pak pro V\u00e1s v\u011bt\u0161inou pracuj\u00ed online, na d\u00e1lku.","protected":false},"author":5,"featured_media":0,"parent":0,"menu_order":24,"comment_status":"closed","ping_status":"closed","template":"page-flexi-sablona.php","meta":{"_acf_changed":false,"inline_featured_image":false,"footnotes":""},"class_list":["post-2244","page","type-page","status-publish","hentry"],"acf":[],"_links":{"self":[{"href":"https:\/\/lidex.it\/cs\/wp-json\/wp\/v2\/pages\/2244","targetHints":{"allow":["GET"]}}],"collection":[{"href":"https:\/\/lidex.it\/cs\/wp-json\/wp\/v2\/pages"}],"about":[{"href":"https:\/\/lidex.it\/cs\/wp-json\/wp\/v2\/types\/page"}],"author":[{"embeddable":true,"href":"https:\/\/lidex.it\/cs\/wp-json\/wp\/v2\/users\/5"}],"replies":[{"embeddable":true,"href":"https:\/\/lidex.it\/cs\/wp-json\/wp\/v2\/comments?post=2244"}],"version-history":[{"count":7,"href":"https:\/\/lidex.it\/cs\/wp-json\/wp\/v2\/pages\/2244\/revisions"}],"predecessor-version":[{"id":2565,"href":"https:\/\/lidex.it\/cs\/wp-json\/wp\/v2\/pages\/2244\/revisions\/2565"}],"wp:attachment":[{"href":"https:\/\/lidex.it\/cs\/wp-json\/wp\/v2\/media?parent=2244"}],"curies":[{"name":"wp","href":"https:\/\/api.w.org\/{rel}","templated":true}]}}