{"id":2240,"date":"2023-03-19T11:01:16","date_gmt":"2023-03-19T10:01:16","guid":{"rendered":"http:\/\/lidex.it\/?page_id=2240"},"modified":"2023-04-25T14:43:25","modified_gmt":"2023-04-25T12:43:25","slug":"vyhody-spoluprace-s-nami","status":"publish","type":"page","link":"https:\/\/lidex.it\/cs\/forma-spoluprace\/vyhody-spoluprace-s-nami\/","title":{"rendered":"V\u00fdhody spolupr\u00e1ce s n\u00e1mi"},"content":{"rendered":"","protected":false},"excerpt":{"rendered":"","protected":false},"author":5,"featured_media":0,"parent":2238,"menu_order":16,"comment_status":"closed","ping_status":"closed","template":"page-flexi-sablona.php","meta":{"_acf_changed":false,"inline_featured_image":false,"footnotes":""},"class_list":["post-2240","page","type-page","status-publish","hentry"],"acf":[],"_links":{"self":[{"href":"https:\/\/lidex.it\/cs\/wp-json\/wp\/v2\/pages\/2240","targetHints":{"allow":["GET"]}}],"collection":[{"href":"https:\/\/lidex.it\/cs\/wp-json\/wp\/v2\/pages"}],"about":[{"href":"https:\/\/lidex.it\/cs\/wp-json\/wp\/v2\/types\/page"}],"author":[{"embeddable":true,"href":"https:\/\/lidex.it\/cs\/wp-json\/wp\/v2\/users\/5"}],"replies":[{"embeddable":true,"href":"https:\/\/lidex.it\/cs\/wp-json\/wp\/v2\/comments?post=2240"}],"version-history":[{"count":11,"href":"https:\/\/lidex.it\/cs\/wp-json\/wp\/v2\/pages\/2240\/revisions"}],"predecessor-version":[{"id":2393,"href":"https:\/\/lidex.it\/cs\/wp-json\/wp\/v2\/pages\/2240\/revisions\/2393"}],"up":[{"embeddable":true,"href":"https:\/\/lidex.it\/cs\/wp-json\/wp\/v2\/pages\/2238"}],"wp:attachment":[{"href":"https:\/\/lidex.it\/cs\/wp-json\/wp\/v2\/media?parent=2240"}],"curies":[{"name":"wp","href":"https:\/\/api.w.org\/{rel}","templated":true}]}}