{"id":2236,"date":"2023-03-19T10:58:16","date_gmt":"2023-03-19T09:58:16","guid":{"rendered":"http:\/\/lidex.it\/?page_id=2236"},"modified":"2023-05-16T14:16:49","modified_gmt":"2023-05-16T12:16:49","slug":"o-nas","status":"publish","type":"page","link":"https:\/\/lidex.it\/cs\/o-nas\/","title":{"rendered":"O n\u00e1s"},"content":{"rendered":"<blockquote><p>Vy\u0159e\u0161\u00edme za V\u00e1s nedostatek specialist\u016f v oblasti IT<\/p><\/blockquote>\n<h2><span style=\"font-weight: 400;\">Co o n\u00e1s pot\u0159ebujete v\u011bd\u011bt?<\/span><\/h2>\n<ul>\n<li style=\"font-weight: 400;\" aria-level=\"1\"><b>Jsme \u010desk\u00e1 licencovan\u00e1 spole\u010dnost<\/b><span style=\"font-weight: 400;\"> s \u010desk\u00fdm managementem<\/span><\/li>\n<li style=\"font-weight: 400;\" aria-level=\"1\"><span style=\"font-weight: 400;\">M\u00e1me <\/span><b>dlouholet\u00e9 zku\u0161enostmi <\/b><span style=\"font-weight: 400;\">se zam\u011bstn\u00e1v\u00e1n\u00edm pracovn\u00edk\u016f ze zahrani\u010d\u00ed<\/span><\/li>\n<li style=\"font-weight: 400;\" aria-level=\"1\"><span style=\"font-weight: 400;\">\u010cesk\u00fdm firm\u00e1m jsme zajistili ji\u017e <\/span><b>stovky kvalifikovan\u00fdch zam\u011bstnanc\u016f<\/b><\/li>\n<li style=\"font-weight: 400;\" aria-level=\"1\"><span style=\"font-weight: 400;\">Poskytujeme <\/span><b>komplexn\u00ed slu\u017eby<\/b><span style=\"font-weight: 400;\"> v oblasti zaji\u0161\u0165ov\u00e1n\u00ed person\u00e1l\u016f<\/span><\/li>\n<li style=\"font-weight: 400;\" aria-level=\"1\"><span style=\"font-weight: 400;\">Zakl\u00e1d\u00e1me si na <\/span><b>\u0161pi\u010dkov\u00e9 p\u00e9\u010di o klienty i o zam\u011bstnance<\/b><\/li>\n<li style=\"font-weight: 400;\" aria-level=\"1\"><b>Jsme pr\u016fkopn\u00edci<\/b> <span style=\"font-weight: 400;\">\u2013<\/span><span style=\"font-weight: 400;\"> objevujeme nov\u00e9 zdroje zahrani\u010dn\u00edch pracovn\u00edk\u016f\u00a0<\/span><\/li>\n<li style=\"font-weight: 400;\" aria-level=\"1\"><b>Jsme inov\u00e1to\u0159i<\/b> \u2013 p\u0159ich\u00e1z\u00edme s nov\u00fdmi flexibiln\u00edmi zp\u016fsoby zam\u011bstn\u00e1v\u00e1n\u00ed<\/li>\n<\/ul>\n<div class=\"shortcode check_group\">\n<div class=\"check\"><div class=\"icon\"><svg xmlns=\"http:\/\/www.w3.org\/2000\/svg\" width=\"22\" height=\"23\" fill=\"none\"><path fill=\"#189AD4\" d=\"m6.49 9.41-1.54 1.54L9.9 15.9l11-11-1.54-1.54-9.46 9.46-3.41-3.41ZM19.8 11.5c0 4.84-3.96 8.8-8.8 8.8-4.84 0-8.8-3.96-8.8-8.8 0-4.84 3.96-8.8 8.8-8.8.88 0 1.65.11 2.42.33l1.76-1.76C13.86.83 12.43.5 11 .5 4.95.5 0 5.45 0 11.5s4.95 11 11 11 11-4.95 11-11h-2.2Z\"\/><\/svg><\/div><span>\u010cesk\u00fdm spole\u010dnostem dod\u00e1v\u00e1me v\u00edce ne\u017e 400 pracovn\u00edk\u016f<\/span><\/div>\n<\/div>\n<hr \/>\n<h2><span style=\"font-weight: 400;\">V \u010dem se li\u0161\u00edme od konkurence?<\/span><\/h2>\n<ul>\n<li style=\"font-weight: 400;\" aria-level=\"1\"><span style=\"font-weight: 400;\">Nab\u00edz\u00edme <\/span><b>vlastn\u00ed zdroje pracovn\u00edk\u016f<\/b><span style=\"font-weight: 400;\">, nejsme odk\u00e1z\u00e1ni na b\u011b\u017en\u00e9 zp\u016fsoby n\u00e1boru zam\u011bstnanc\u016f jako jsou \u00fa\u0159ady pr\u00e1ce, soci\u00e1ln\u00ed s\u00edt\u011b \u010di m\u00edstn\u00ed inzerce<\/span><\/li>\n<li style=\"font-weight: 400;\" aria-level=\"1\"><span style=\"font-weight: 400;\">Jsme V\u00e1m schopni nab\u00eddnout <\/span><b>\u0161irok\u00e9 portfolio zam\u011bstnanc\u016f<\/b><span style=\"font-weight: 400;\">, proto\u017ee nejsme p\u0159i jejich n\u00e1boru omezeni pouze na \u010desk\u00fd trh pr\u00e1ce<\/span><\/li>\n<li style=\"font-weight: 400;\" aria-level=\"1\"><span style=\"font-weight: 400;\">Odborn\u00e9 pracovn\u00edky naj\u00edm\u00e1me p\u0159edev\u0161\u00edm ve <\/span><b>v\u00fdchodn\u00ed Evrop\u011b a v Asii<\/b><\/li>\n<li style=\"font-weight: 400;\" aria-level=\"1\"><span style=\"font-weight: 400;\">Nab\u00edz\u00edme <\/span><b>osobn\u00ed p\u0159\u00edstup<\/b><span style=\"font-weight: 400;\"> ke ka\u017ed\u00e9mu klientovi<\/span><\/li>\n<li style=\"font-weight: 400;\" aria-level=\"1\"><span style=\"font-weight: 400;\">Sv\u00fdm zahrani\u010dn\u00edm zam\u011bstnanc\u016fm poskytuj<\/span><\/li>\n<\/ul>\n<div class=\"shortcode check_group\">\n<div class=\"check\"><div class=\"icon\"><svg xmlns=\"http:\/\/www.w3.org\/2000\/svg\" width=\"22\" height=\"23\" fill=\"none\"><path fill=\"#189AD4\" d=\"m6.49 9.41-1.54 1.54L9.9 15.9l11-11-1.54-1.54-9.46 9.46-3.41-3.41ZM19.8 11.5c0 4.84-3.96 8.8-8.8 8.8-4.84 0-8.8-3.96-8.8-8.8 0-4.84 3.96-8.8 8.8-8.8.88 0 1.65.11 2.42.33l1.76-1.76C13.86.83 12.43.5 11 .5 4.95.5 0 5.45 0 11.5s4.95 11 11 11 11-4.95 11-11h-2.2Z\"\/><\/svg><\/div><span>Jsme specialist\u00e9 na zaji\u0161\u0165ov\u00e1n\u00ed zahrani\u010dn\u00edch pracovn\u00edk\u016f do \u010desk\u00fdch firem<\/span><\/div>\n<\/div>\n<hr \/>\n<h2><span style=\"font-weight: 400;\">Jak z\u00edsk\u00e1v\u00e1me pracovn\u00edky?<\/span><\/h2>\n<ul>\n<li style=\"font-weight: 400;\" aria-level=\"1\"><span style=\"font-weight: 400;\">Aktivn\u011b vytv\u00e1\u0159\u00edme a udr\u017eujeme <\/span><b>s\u00ed\u0165 vlastn\u00edch person\u00e1ln\u00edch zdroj\u016f<\/b><span style=\"font-weight: 400;\"> v zahrani\u010dn\u00edch profesn\u00edch komunit\u00e1ch<\/span><\/li>\n<li style=\"font-weight: 400;\" aria-level=\"1\"><span style=\"font-weight: 400;\">Pro ka\u017edou oblast <\/span><b>zam\u011bstn\u00e1v\u00e1me vlastn\u00edho n\u00e1bor\u00e1\u0159e<\/b><span style=\"font-weight: 400;\">, kter\u00fd se orientuje v lok\u00e1ln\u00ed person\u00e1ln\u00ed, kulturn\u011b-politick\u00e9 a soci\u00e1ln\u00ed situaci<\/span><\/li>\n<li style=\"font-weight: 400;\" aria-level=\"1\"><span style=\"font-weight: 400;\">Na\u0161i n\u00e1bor\u00e1\u0159i poch\u00e1z\u00ed <\/span><b>p\u0159\u00edmo z komunit<\/b><span style=\"font-weight: 400;\">, ve kter\u00fdch hled\u00e1me budouc\u00ed pracovn\u00edky\u00a0<\/span><\/li>\n<li style=\"font-weight: 400;\" aria-level=\"1\"><span style=\"font-weight: 400;\">N\u00e1\u0161 n\u00e1bor m\u00e1 <\/span><b>osobn\u00ed charakter<\/b><span style=\"font-weight: 400;\">, sv\u00e9 pracovn\u00edky pe\u010dliv\u011b vyb\u00edr\u00e1me a dob\u0159e se o n\u011b star\u00e1me<\/span><\/li>\n<\/ul>\n<hr \/>\n<h2><span style=\"font-weight: 400;\">Chcete se o n\u00e1s a o na\u0161ich slu\u017eb\u00e1ch dozv\u011bd\u011bt v\u00edce?<\/span><\/h2>\n<a class=\"btn btn-primary\" href=\"\/kontakt\" target=\"\"><span class=\"skew-fix\">Napi\u0161te n\u00e1m<\/span><\/a>\n","protected":false},"excerpt":{"rendered":"Vy\u0159e\u0161\u00edme za V\u00e1s nedostatek specialist\u016f v oblasti IT Co o n\u00e1s pot\u0159ebujete v\u011bd\u011bt? Jsme \u010desk\u00e1 licencovan\u00e1 spole\u010dnost s \u010desk\u00fdm managementem M\u00e1me dlouholet\u00e9 zku\u0161enostmi se zam\u011bstn\u00e1v\u00e1n\u00edm pracovn\u00edk\u016f ze zahrani\u010d\u00ed \u010cesk\u00fdm firm\u00e1m jsme zajistili ji\u017e stovky kvalifikovan\u00fdch zam\u011bstnanc\u016f Poskytujeme komplexn\u00ed slu\u017eby v oblasti zaji\u0161\u0165ov\u00e1n\u00ed person\u00e1l\u016f Zakl\u00e1d\u00e1me si na \u0161pi\u010dkov\u00e9 p\u00e9\u010di o klienty i o zam\u011bstnance Jsme pr\u016fkopn\u00edci&#8230; <a class=\"view-article\" href=\"https:\/\/lidex.it\/cs\/o-nas\/\">View Article<\/a>","protected":false},"author":5,"featured_media":0,"parent":0,"menu_order":6,"comment_status":"closed","ping_status":"closed","template":"","meta":{"_acf_changed":false,"inline_featured_image":false,"footnotes":""},"class_list":["post-2236","page","type-page","status-publish","hentry"],"acf":[],"_links":{"self":[{"href":"https:\/\/lidex.it\/cs\/wp-json\/wp\/v2\/pages\/2236","targetHints":{"allow":["GET"]}}],"collection":[{"href":"https:\/\/lidex.it\/cs\/wp-json\/wp\/v2\/pages"}],"about":[{"href":"https:\/\/lidex.it\/cs\/wp-json\/wp\/v2\/types\/page"}],"author":[{"embeddable":true,"href":"https:\/\/lidex.it\/cs\/wp-json\/wp\/v2\/users\/5"}],"replies":[{"embeddable":true,"href":"https:\/\/lidex.it\/cs\/wp-json\/wp\/v2\/comments?post=2236"}],"version-history":[{"count":12,"href":"https:\/\/lidex.it\/cs\/wp-json\/wp\/v2\/pages\/2236\/revisions"}],"predecessor-version":[{"id":2330,"href":"https:\/\/lidex.it\/cs\/wp-json\/wp\/v2\/pages\/2236\/revisions\/2330"}],"wp:attachment":[{"href":"https:\/\/lidex.it\/cs\/wp-json\/wp\/v2\/media?parent=2236"}],"curies":[{"name":"wp","href":"https:\/\/api.w.org\/{rel}","templated":true}]}}